{"id":3063,"date":"2022-06-27T12:48:19","date_gmt":"2022-06-27T12:48:19","guid":{"rendered":"https:\/\/margheritaapartmentstenerife.com\/?page_id=3063"},"modified":"2022-06-27T12:49:46","modified_gmt":"2022-06-27T12:49:46","slug":"legal-warning","status":"publish","type":"page","link":"https:\/\/margheritaapartmentstenerife.com\/en\/legal-warning","title":{"rendered":"Legal warning"},"content":{"rendered":"\t\t<div data-elementor-type=\"wp-page\" data-elementor-id=\"3063\" class=\"elementor elementor-3063\" data-elementor-post-type=\"page\">\n\t\t\t\t\t\t<section class=\"elementor-section elementor-top-section elementor-element elementor-element-21cae2c elementor-section-boxed elementor-section-height-default elementor-section-height-default\" data-id=\"21cae2c\" data-element_type=\"section\" data-e-type=\"section\">\n\t\t\t\t\t\t<div class=\"elementor-container elementor-column-gap-default\">\n\t\t\t\t\t<div class=\"elementor-column elementor-col-100 elementor-top-column elementor-element elementor-element-80e8f45\" data-id=\"80e8f45\" data-element_type=\"column\" data-e-type=\"column\">\n\t\t\t<div class=\"elementor-widget-wrap elementor-element-populated\">\n\t\t\t\t\t\t<div class=\"elementor-element elementor-element-7c1707b elementor-widget elementor-widget-text-editor\" data-id=\"7c1707b\" data-element_type=\"widget\" data-e-type=\"widget\" data-widget_type=\"text-editor.default\">\n\t\t\t\t<div class=\"elementor-widget-container\">\n\t\t\t\t\t\t\t\t\t<h1><b>Legal warning<\/b><\/h1><ol><li><b> Objeto y aceptaci\u00f3n<\/b><\/li><\/ol><p><span style=\"font-weight: 400;\">El presente aviso legal regula el uso del sitio Web: <a href=\"https:\/\/margheritaapartmentstenerife.com\/\">https:\/\/margheritaapartmentstenerife.com<\/a>\u00a0(de ahora en adelante La Empresa \u201cEl sitio web\u201d)<\/span><\/p><p><span style=\"font-weight: 400;\">El sitio web presta servicios cuyo objetivo primordial es permitir el contacto entre los usuarios y la empresa, bien para ponerse en contacto con nosotros o para pedir presupuestos.<\/span><\/p><p><span style=\"font-weight: 400;\">La navegaci\u00f3n por el sitio web atribuye la condici\u00f3n de usuario de la misma e implica la aceptaci\u00f3n plena y sin reservas de todas y cada una de las disposiciones incluidas en este Aviso Legal, que pueden sufrir modificaciones.<\/span><\/p><p><span style=\"font-weight: 400;\">El usuario se obliga a hacer un uso correcto del sitio Web de conformidad con las leyes, la buena fe, el orden p\u00fablico, los usos del tr\u00e1fico y el presente Aviso Legal. El Usuario responder\u00e1 frente a Tenerife Margherita Apartments (de ahora en adelante La Empresa la Empresa) y frente a terceros, de los da\u00f1os y perjuicios que pudieran causarse como consecuencia del incumplimiento de dicha obligaci\u00f3n.<\/span><\/p><ol start=\"2\"><li><b> Titularidad de la web e identificaci\u00f3n del Prestador de Servicios de la Sociedad de la Informaci\u00f3n<\/b><\/li><\/ol><p><span style=\"font-weight: 400;\">Con la finalidad de dar cumplimiento al principio de Informaci\u00f3n general exigido por el Art\u00edculo 10 de la Ley 34\/2002, de 11 de julio, de servicios de la sociedad de la informaci\u00f3n y de comercio electr\u00f3nico informamos a nuestros usuarios que el presente sitio web pertenece a la Empresa.<\/span><\/p><table><tbody><tr><td><p><b>Direcci\u00f3n:<\/b><\/p><\/td><td><p><span style=\"font-weight: 400;\">Av. San Francisco, 12, 38650 Los Cristianos, Santa Cruz de Tenerife<\/span><\/p><\/td><\/tr><tr><td><p><b>Correo-e:<\/b><\/p><\/td><td><p><span style=\"font-weight: 400;\">marghesr80@gmail.com<\/span><\/p><\/td><\/tr><tr><td><p><b>Web alojada por:<\/b><\/p><\/td><td><p><span style=\"font-weight: 400;\">Hostalia, marca de Telef\u00f3nica Soluciones De Inform\u00e1tica Y Comunicaciones De Espa\u00f1a S A<\/span><\/p><\/td><\/tr><\/tbody><\/table><ol start=\"3\"><li><b> Condiciones generales de acceso y utilizaci\u00f3n<\/b><\/li><\/ol><p><span style=\"font-weight: 400;\">El sitio Web y sus servicios son de acceso libre y gratuito, si bien la utilizaci\u00f3n de determinadas \u00e1reas o servicios est\u00e1 condicionada a cumplimentar formularios de recogida de datos. S\u00f3lo los mayores de 18 a\u00f1os podr\u00e1n facilitar datos a trav\u00e9s de nuestra web, y los menores de 16 a\u00f1os no pueden facilitarlos sin el consentimiento de los padres o tutores.<\/span><\/p><p><span style=\"font-weight: 400;\">El Usuario garantiza la autenticidad y actualidad de todos aquellos datos que comunique a la Empresa y ser\u00e1 el \u00fanico responsable de las manifestaciones falsas o inexactas que realice.<\/span><\/p><p><span style=\"font-weight: 400;\">El sitio web tiene los siguientes tipos de usuarios:<\/span><\/p><p><span style=\"font-weight: 400;\">Usuarios que aportan datos en cualquiera de los formularios disponibles: Los datos personales que la Empresa solicita incluye el nombre y direcci\u00f3n electr\u00f3nica y los proporcionados por el propio usuario al rellenar los formularios.<\/span><\/p><p><span style=\"font-weight: 400;\">Usuarios que no han contactado con la Empresa , pero de los que se recogen datos: Datos proporcionados por las cookies<\/span><\/p><p><span style=\"font-weight: 400;\">Usuarios de nuestra \u00e1rea privada: Incluye el usuario y contrase\u00f1a.<\/span><\/p><p><b>3.1. Reglas y prohibiciones de uso para usuarios de nuestros servicios<\/b><\/p><p><span style=\"font-weight: 400;\">El Usuario se compromete expresamente a hacer un uso adecuado de los contenidos y servicios ofrecidos y a no emplearlos para:<\/span><\/p><ul><li style=\"font-weight: 400;\" aria-level=\"1\"><span style=\"font-weight: 400;\">Difundir contenidos delictivos, violentos, pornogr\u00e1ficos, racistas, xen\u00f3fobo, ofensivos, de apolog\u00eda del terrorismo o, en general, contrarios a la ley o al orden p\u00fablico.<\/span><\/li><li style=\"font-weight: 400;\" aria-level=\"1\"><span style=\"font-weight: 400;\">Introducir en la red virus inform\u00e1ticos o realizar actuaciones susceptibles de alterar, estropear, interrumpir o generar errores o da\u00f1os en los documentos electr\u00f3nicos, datos o sistemas f\u00edsicos y l\u00f3gicos de la Empresa o de terceras personas; as\u00ed como obstaculizar el acceso de otros Usuarios al sitio Web y a sus servicios.<\/span><\/li><li style=\"font-weight: 400;\" aria-level=\"1\"><span style=\"font-weight: 400;\">Intentar acceder a \u00e1reas restringidas de los sistemas inform\u00e1ticos de la Empresa o de terceros y, en su caso, extraer informaci\u00f3n.<\/span><\/li><li style=\"font-weight: 400;\" aria-level=\"1\"><span style=\"font-weight: 400;\">Vulnerar los derechos de propiedad intelectual o industrial, as\u00ed como violar la confidencialidad de la informaci\u00f3n de la Empresa o de terceros.<\/span><\/li><li style=\"font-weight: 400;\" aria-level=\"1\"><span style=\"font-weight: 400;\">Suplantar la identidad de otro Usuario, de las administraciones p\u00fablicas o de un tercero.<\/span><\/li><li style=\"font-weight: 400;\" aria-level=\"1\"><span style=\"font-weight: 400;\">Reproducir, copiar, distribuir, poner a disposici\u00f3n o de cualquier otra forma comunicar p\u00fablicamente, transformar o modificar los Contenidos, a menos que se cuente con la autorizaci\u00f3n del titular de los correspondientes derechos o ello resulte legalmente permitido<\/span><\/li><li style=\"font-weight: 400;\" aria-level=\"1\"><span style=\"font-weight: 400;\">Recabar datos con finalidad publicitaria y de remitir publicidad de cualquier clase y comunicaciones con fines de venta u otras de naturaleza comercial sin que medie su previa solicitud o consentimiento.<\/span><\/li><\/ul><p><b>3.2. Procedimiento en caso de realizaci\u00f3n de actividades de car\u00e1cter il\u00edcito<\/b><\/p><p><span style=\"font-weight: 400;\">En el caso de que cualquier usuario o un tercero considere que existen hechos o circunstancias que revelen el car\u00e1cter il\u00edcito de la utilizaci\u00f3n de cualquier contenido y\/o de la realizaci\u00f3n de cualquier actividad en las p\u00e1ginas Web incluidas o accesibles a trav\u00e9s del sitio Web, deber\u00e1 enviar una notificaci\u00f3n a la Empresa identific\u00e1ndose debidamente, especificando las supuestas infracciones y declarando expresamente y bajo su responsabilidad que la informaci\u00f3n proporcionada en la notificaci\u00f3n es exacta.<\/span><\/p><ol start=\"4\"><li><b> Privacy Policy<\/b><\/li><\/ol><p><span style=\"font-weight: 400;\">El usuario puede consultar c\u00f3mo la Empresa utiliza sus datos y las medidas de seguridad implantadas en el siguiente enlace: \u201cpol\u00edtica de privacidad\u201d<\/span><\/p><ol start=\"5\"><li><b> Cookies Policy<\/b><\/li><\/ol><p><span style=\"font-weight: 400;\">la Empresa instala cookies en el ordenador del usuario. Para conocer m\u00e1s las cookies de nuestro sitio web acuda al siguiente enlace: \u201ccookies policy\u201d<\/span><\/p><ol start=\"6\"><li><b> Notificaciones<\/b><\/li><\/ol><p><span style=\"font-weight: 400;\">Todas las notificaciones y comunicaciones entre los usuarios y la Empresa se considerar\u00e1n eficaces, a todos los efectos, cuando se realicen a trav\u00e9s de correo postal o correo electr\u00f3nico o comunicaci\u00f3n telef\u00f3nica. Los usuarios deber\u00e1n dirigirse a la Empresa mediante:<\/span><\/p><ul><li style=\"font-weight: 400;\" aria-level=\"1\"><span style=\"font-weight: 400;\">Env\u00edo por correo postal a la siguiente direcci\u00f3n: Tenerife Margherita Apartments \u2013 Av. San Francisco, 12, 38650 Los Cristianos, Santa Cruz de Tenerife.<\/span><\/li><li style=\"font-weight: 400;\" aria-level=\"1\"><span style=\"font-weight: 400;\">Env\u00edo por correo electr\u00f3nico a la siguiente direcci\u00f3n: marghesr80@gmail.com<\/span><\/li><\/ul><ol start=\"7\"><li><b> Propiedad Industrial y propiedad intelectual<\/b><\/li><\/ol><p><span style=\"font-weight: 400;\">Todos los contenidos del sitio Web, como textos, fotograf\u00edas, gr\u00e1ficos, im\u00e1genes, iconos, tecnolog\u00eda, software, as\u00ed como su dise\u00f1o gr\u00e1fico y c\u00f3digos fuente, constituyen una obra cuya propiedad pertenece a la Empresa, sin que puedan entenderse cedidos al Usuario ninguno de los derechos de explotaci\u00f3n sobre los mismos m\u00e1s all\u00e1 de lo estrictamente necesario para el correcto uso de la Web.<\/span><\/p><p><span style=\"font-weight: 400;\">En definitiva, los usuarios que accedan a este sitio Web pueden visualizar los contenidos y efectuar, en su caso, copias privadas autorizadas siempre que los elementos reproducidos no sean cedidos posteriormente a terceros, ni se instalen a servidores conectados a redes, ni sean objeto de ning\u00fan tipo de explotaci\u00f3n y \u00fanica y exclusivamente mientras se encuentre en vigor el servicio.<\/span><\/p><p><span style=\"font-weight: 400;\">Asimismo, todas las marcas, nombres comerciales o signos distintivos de cualquier clase que aparecen en el sitio Web son propiedad de la Empresa, sin que pueda entenderse que el uso o acceso al mismo atribuya al Usuario derecho alguno sobre los mismos.<\/span><\/p><p><span style=\"font-weight: 400;\">Quedan prohibidas la distribuci\u00f3n, modificaci\u00f3n, cesi\u00f3n o comunicaci\u00f3n p\u00fablica de los contenidos y cualquier otro acto que no haya sido expresamente autorizado por la Empresa En caso de incumplimiento la Empresa proceder\u00e1 a adoptar las medidas legales oportunas.<\/span><\/p><ol start=\"8\"><li><b> Exenci\u00f3n de responsabilidad y modificaci\u00f3n del presente aviso legal<\/b><\/li><\/ol><p><span style=\"font-weight: 400;\">La informaci\u00f3n que se difunde en esta web se hace \u00fanica y exclusivamente a t\u00edtulo informativo, reserv\u00e1ndose la Empresa el derecho de eliminar o suspender su difusi\u00f3n, total o parcialmente, y a modificar la estructura y contenido de este sitio Web sin aviso previo, pudiendo incluso limitar o no permitir el acceso a dicha informaci\u00f3n. la Empresa intenta mantener la calidad y actualizaci\u00f3n de esta informaci\u00f3n y evitar y minimizar posibles errores pero la Empresa no responder\u00e1 de los da\u00f1os o perjuicios causados por decisiones tomadas en base a la informaci\u00f3n difundida; ni de inexactitudes, omisiones o errores contenidos en el mismo, ni de los problemas que se originen por el uso de este sitio Web u otro de conexi\u00f3n externa; ni de los da\u00f1os y\/o perjuicios en el software o hardware del usuario que se deriven del acceso a este sitio Web.<\/span><\/p><p><span style=\"font-weight: 400;\">Los Usuarios aceptan expresamente que la Empresa no ser\u00e1 responsable del acceso no autorizado o alteraci\u00f3n de sus transmisiones o datos, de cualquier material o datos enviados o recibidos o no enviados o recibidos, ni de ninguna transacci\u00f3n realizada a trav\u00e9s de su web.<\/span><\/p><p><span style=\"font-weight: 400;\">la Empresa se reserva el derecho a modificar el presente aviso legal unilateralmente y sin preaviso en los t\u00e9rminos y condiciones que estime conveniente con la \u00fanica obligaci\u00f3n de informar al usuario de las modificaciones efectuadas a trav\u00e9s del sitio web<\/span><\/p><ol start=\"9\"><li><b> Nulidad parcial<\/b><\/li><\/ol><p><span style=\"font-weight: 400;\">Si alguna de las presentes cl\u00e1usulas fuese declarada nula y sin efecto por resoluci\u00f3n firme dictada por autoridad competente, los restantes t\u00e9rminos y condiciones permanecer\u00e1n en vigor, sin que queden afectados por dicha declaraci\u00f3n de nulidad.<\/span><\/p><ol start=\"10\"><li><b> Ley aplicable y tribunales competentes<\/b><\/li><\/ol><p><span style=\"font-weight: 400;\">El presente sitio web queda sometido a lo establecido por la legislaci\u00f3n espa\u00f1ola y normativa europea que resulte de aplicaci\u00f3n<\/span><\/p><p><span style=\"font-weight: 400;\">Cualquier controversia que surja o guarde relaci\u00f3n con el uso de la p\u00e1gina web o con dichos productos ser\u00e1 sometida a la jurisdicci\u00f3n no exclusiva de los juzgados y tribunales espa\u00f1oles de la provincia de S\/C de Tenerife.<\/span><\/p><p><span style=\"font-weight: 400;\">Si se trata de un consumidor final nada en la presente cl\u00e1usula afectar\u00e1 a los derechos que como tal le reconoce la legislaci\u00f3n vigente, pudiendo elegir presentar una reclamaci\u00f3n para hacer valer sus derechos en relaci\u00f3n con las presentes Condiciones ante el Juez o Tribunales que correspondan a su domicilio.<\/span><\/p>\t\t\t\t\t\t\t\t<\/div>\n\t\t\t\t<\/div>\n\t\t\t\t\t<\/div>\n\t\t<\/div>\n\t\t\t\t\t<\/div>\n\t\t<\/section>\n\t\t\t\t<\/div>\n\t\t","protected":false},"excerpt":{"rendered":"<p>Legal warning Objeto y aceptaci\u00f3n El presente aviso legal regula el uso del sitio Web: https:\/\/margheritaapartmentstenerife.com\u00a0(de ahora en adelante La Empresa \u201cEl sitio web\u201d) El sitio web presta servicios cuyo objetivo primordial es permitir el contacto entre los usuarios y la empresa, bien para ponerse en contacto con nosotros o para pedir presupuestos. La navegaci\u00f3n [&hellip;]<\/p>\n","protected":false},"author":1,"featured_media":0,"parent":0,"menu_order":0,"comment_status":"closed","ping_status":"closed","template":"","meta":{"site-sidebar-layout":"no-sidebar","site-content-layout":"page-builder","ast-site-content-layout":"default","site-content-style":"default","site-sidebar-style":"default","ast-global-header-display":"","ast-banner-title-visibility":"","ast-main-header-display":"","ast-hfb-above-header-display":"","ast-hfb-below-header-display":"","ast-hfb-mobile-header-display":"","site-post-title":"disabled","ast-breadcrumbs-content":"","ast-featured-img":"disabled","footer-sml-layout":"","ast-disable-related-posts":"","theme-transparent-header-meta":"","adv-header-id-meta":"","stick-header-meta":"","header-above-stick-meta":"","header-main-stick-meta":"","header-below-stick-meta":"","astra-migrate-meta-layouts":"default","ast-page-background-enabled":"default","ast-page-background-meta":{"desktop":{"background-color":"","background-image":"","background-repeat":"repeat","background-position":"center center","background-size":"auto","background-attachment":"scroll","background-type":"","background-media":"","overlay-type":"","overlay-color":"","overlay-opacity":"","overlay-gradient":""},"tablet":{"background-color":"","background-image":"","background-repeat":"repeat","background-position":"center center","background-size":"auto","background-attachment":"scroll","background-type":"","background-media":"","overlay-type":"","overlay-color":"","overlay-opacity":"","overlay-gradient":""},"mobile":{"background-color":"","background-image":"","background-repeat":"repeat","background-position":"center center","background-size":"auto","background-attachment":"scroll","background-type":"","background-media":"","overlay-type":"","overlay-color":"","overlay-opacity":"","overlay-gradient":""}},"ast-content-background-meta":{"desktop":{"background-color":"var(--ast-global-color-5)","background-image":"","background-repeat":"repeat","background-position":"center center","background-size":"auto","background-attachment":"scroll","background-type":"","background-media":"","overlay-type":"","overlay-color":"","overlay-opacity":"","overlay-gradient":""},"tablet":{"background-color":"var(--ast-global-color-5)","background-image":"","background-repeat":"repeat","background-position":"center center","background-size":"auto","background-attachment":"scroll","background-type":"","background-media":"","overlay-type":"","overlay-color":"","overlay-opacity":"","overlay-gradient":""},"mobile":{"background-color":"var(--ast-global-color-5)","background-image":"","background-repeat":"repeat","background-position":"center center","background-size":"auto","background-attachment":"scroll","background-type":"","background-media":"","overlay-type":"","overlay-color":"","overlay-opacity":"","overlay-gradient":""}},"_joinchat":[],"footnotes":""},"class_list":["post-3063","page","type-page","status-publish","hentry"],"_links":{"self":[{"href":"https:\/\/margheritaapartmentstenerife.com\/en\/wp-json\/wp\/v2\/pages\/3063","targetHints":{"allow":["GET"]}}],"collection":[{"href":"https:\/\/margheritaapartmentstenerife.com\/en\/wp-json\/wp\/v2\/pages"}],"about":[{"href":"https:\/\/margheritaapartmentstenerife.com\/en\/wp-json\/wp\/v2\/types\/page"}],"author":[{"embeddable":true,"href":"https:\/\/margheritaapartmentstenerife.com\/en\/wp-json\/wp\/v2\/users\/1"}],"replies":[{"embeddable":true,"href":"https:\/\/margheritaapartmentstenerife.com\/en\/wp-json\/wp\/v2\/comments?post=3063"}],"version-history":[{"count":4,"href":"https:\/\/margheritaapartmentstenerife.com\/en\/wp-json\/wp\/v2\/pages\/3063\/revisions"}],"predecessor-version":[{"id":3067,"href":"https:\/\/margheritaapartmentstenerife.com\/en\/wp-json\/wp\/v2\/pages\/3063\/revisions\/3067"}],"wp:attachment":[{"href":"https:\/\/margheritaapartmentstenerife.com\/en\/wp-json\/wp\/v2\/media?parent=3063"}],"curies":[{"name":"wp","href":"https:\/\/api.w.org\/{rel}","templated":true}]}}