{"id":3050,"date":"2022-06-27T11:08:42","date_gmt":"2022-06-27T11:08:42","guid":{"rendered":"https:\/\/margheritaapartmentstenerife.com\/?page_id=3050"},"modified":"2022-06-27T11:09:46","modified_gmt":"2022-06-27T11:09:46","slug":"privacy-policy","status":"publish","type":"page","link":"https:\/\/margheritaapartmentstenerife.com\/en\/privacy-policy","title":{"rendered":"Privacy Policy"},"content":{"rendered":"\t\t<div data-elementor-type=\"wp-page\" data-elementor-id=\"3050\" class=\"elementor elementor-3050\" data-elementor-post-type=\"page\">\n\t\t\t\t\t\t<section class=\"elementor-section elementor-top-section elementor-element elementor-element-55e973e elementor-section-boxed elementor-section-height-default elementor-section-height-default\" data-id=\"55e973e\" data-element_type=\"section\" data-e-type=\"section\">\n\t\t\t\t\t\t<div class=\"elementor-container elementor-column-gap-default\">\n\t\t\t\t\t<div class=\"elementor-column elementor-col-100 elementor-top-column elementor-element elementor-element-6a0147e\" data-id=\"6a0147e\" data-element_type=\"column\" data-e-type=\"column\">\n\t\t\t<div class=\"elementor-widget-wrap elementor-element-populated\">\n\t\t\t\t\t\t<div class=\"elementor-element elementor-element-666ab2b elementor-widget elementor-widget-text-editor\" data-id=\"666ab2b\" data-element_type=\"widget\" data-e-type=\"widget\" data-widget_type=\"text-editor.default\">\n\t\t\t\t<div class=\"elementor-widget-container\">\n\t\t\t\t\t\t\t\t\t<h2><b>Protection of personal data according to the LOPD<\/b><\/h2><p><span style=\"font-weight: 400;\">Tenerife Margherita Apartments (de ahora en adelante La Empresa), under current regulations regarding the protection of personal data, informs that the personal data collected through the forms of the Website: <a href=\"https:\/\/margheritaapartmentstenerife.com\/\">https:\/\/margheritaapartmentstenerife.com\/<\/a> (from now on Website) se incluyen en los ficheros automatizados espec\u00edficos de usuarios de los servicios de La Empresa<\/span><\/p><p><span style=\"font-weight: 400;\">The collection and processing of personal data is aimed at maintaining the business relationship and task performance information, training, asesoramiento y otras actividades propias de La Empresa<\/span><\/p><p><span style=\"font-weight: 400;\">These data will only be disclosed to those entities which are necessary for the sole purpose of complying with the aforementioned purpose.<\/span><\/p><p><span style=\"font-weight: 400;\">La Empresa adopta las medidas necesarias para garantizar la seguridad, integrity and confidentiality of data in accordance with the provisions of Regulation (EU) 2016\/679 del Parlamento Europeo y del Consejo, de 27 de abril de 2016, on the protection of individuals with regard to the processing of personal data and the free movement of such.<\/span><\/p><p><span style=\"font-weight: 400;\">The user may at any time exercise their rights of access, opposition, rectification and cancellation recognized in Regulation (EU). The exercise of these rights may be the user via email to: marghesr80@gmail.com o en la direcci\u00f3n: Av. San Francisco, 12, 38650 Los Cristianos, Santa Cruz de Tenerife<\/span><\/p><p><span style=\"font-weight: 400;\">The user states that all data provided by him are true and correct, and undertakes to keep them updated, comunicando los cambios a La Empresa<\/span><\/p><h2><b>Purpose of the processing of personal data:<\/b><\/h2><p><b>For what purpose will treat your personal details?<\/b><span style=\"font-weight: 400;\"> En La Empresa, trataremos tus datos personales recabados a trav\u00e9s del Sitio Web con las siguientes finalidades:<\/span><\/p><ul><li style=\"font-weight: 400;\" aria-level=\"1\"><span style=\"font-weight: 400;\">En caso de contrataci\u00f3n de los bienes y servicios ofertados a trav\u00e9s del Sitio Web, to maintain the contractual relationship, and management, administration, information, provision and improvement of service.<\/span><\/li><li style=\"font-weight: 400;\" aria-level=\"1\"><span style=\"font-weight: 400;\">Env\u00edo de informaci\u00f3n solicitada a trav\u00e9s de los formularios dispuestos en el Sitio Web<\/span><\/li><li style=\"font-weight: 400;\" aria-level=\"1\"><span style=\"font-weight: 400;\">send newsletters (newsletters), as\u00ed como comunicaciones comerciales de promociones y\/o publicidad del Sitio Web y del sector.<\/span><\/li><\/ul><p><span style=\"font-weight: 400;\">We remind you that you can oppose the sending of commercial communications by any means and at any time, sending an email to the address indicated above.<\/span><\/p><p><span style=\"font-weight: 400;\">Fields such records are mandatory, It is making it impossible to attain the purposes expressed if these data are not provided.<\/span><\/p><p><b>How long retain personal data collected?<\/b><\/p><p><span style=\"font-weight: 400;\">Personal data provided will be retained while the commercial or non-relationship is maintained requesting removal and during the period for which legal liabilities may arise for the services rendered.<\/span><\/p><h2><b>Legitimation:<\/b><\/h2><p><span style=\"font-weight: 400;\">The processing of your data is done with the following legal bases legitimizing the same:<\/span><\/p><ul><li style=\"font-weight: 400;\" aria-level=\"1\"><span style=\"font-weight: 400;\">La solicitud de informaci\u00f3n y\/o la contrataci\u00f3n de los servicios de La Empresa, whose terms and conditions are put at your disposal in any case, so prior to eventual recruitment.<\/span><\/li><li style=\"font-weight: 400;\" aria-level=\"1\"><span style=\"font-weight: 400;\">Free consent, specific, informed and unequivocal, we inform while putting at your disposal this privacy policy, that after reading it, should be subject, You can accept a statement or by a clear affirmative action, as the marking of a box provided the effect.<\/span><\/li><\/ul><p><span style=\"font-weight: 400;\">Should we not facilites your data or do it incorrectly or incomplete, we can not fulfill your request, resulting from the impossible to provide all the information requested or to conduct the procurement of services.<\/span><\/p><h2><b>recipients:<\/b><\/h2><p><span style=\"font-weight: 400;\">Los datos no se comunicar\u00e1n a ning\u00fan tercero ajeno a La Empresa, except legal obligation.<\/span><\/p><p><span style=\"font-weight: 400;\">As data processors, We employ the following service providers, having been committed to compliance with regulatory requirements, Application on data protection, at the time of recruitment: <\/span><b>CosmoComOnline TF S.L.<\/b><span style=\"font-weight: 400;\">, con domicilio en Calle Hermano Pedro de Bethencourt, 2 \u2013 Centro Comercial Apolo, Local 73 \u2013 38650 Arona Santa Cruz de Tenerife, DNI\/CIF B76715184, presta servicios de encargado de la Pol\u00edtica de Privcidad de La Empresa. You can check the privacy policy and other legal aspects of the company at the following link: <\/span><a href=\"http:\/\/margherita.apartmentstenerife.es\/en\/politica-de-privacidad\"><span style=\"font-weight: 400;\">http:\/\/margherita.apartmentstenerife.es\/politica-de-privacidad<\/span><\/a><\/p><h2><b>Data collected by service users<\/b><\/h2><p><span style=\"font-weight: 400;\">In cases where the user include files with personal data on servers shared hosting, is not responsible for the failure of the user of the RGPD.<\/span><\/p><h2><b>Data retention according to LSSI<\/b><\/h2><p><span style=\"font-weight: 400;\">La Empresa informa de que, como prestador de servicio de alojamiento de datos y en virtud de lo establecido en la Ley 34\/2002 de 11 de julio de Servicios de la Sociedad de la Informaci\u00f3n y de Comercio Electr\u00f3nico (LSSI), retiene por un periodo m\u00e1ximo de 12 meses la informaci\u00f3n imprescindible para identificar el origen de los datos alojados y el momento en que se inici\u00f3 la prestaci\u00f3n del servicio. Retention of this data does not affect the secrecy of communications and may only be used within the framework of a criminal investigation or to safeguard public security, placed at the disposal of judges and \/ or courts or the Ministry so requires them.<\/span><\/p><p><span style=\"font-weight: 400;\">Data communication to the Forces of the State shall in accordance with the provisions of the regulations on protection of personal data.<\/span><\/p><h2><b>Intellectual property rights<\/b><\/h2><p><span style=\"font-weight: 400;\">La Empresa es titular de todos los derechos de autor, intellectual property, industrial, \u201cknow how\u201d y cuantos otros derechos guardan relaci\u00f3n con los contenidos del sitio web y los servicios ofertados en el mismo, as well as the programs necessary for its implementation and related information.<\/span><\/p><p><span style=\"font-weight: 400;\">Playback is not allowed, publication and \/ or use not strictly private content, total or partial, del sitio web sin el consentimiento previo y por escrito.<\/span><\/p><h2><b>software intellectual property<\/b><\/h2><p><span style=\"font-weight: 400;\">El usuario debe respetar los programas de terceros puestos a su disposici\u00f3n por La Empresa, even being free and \/ or publicly available.<\/span><\/p><p><span style=\"font-weight: 400;\">La Empresa dispone de los derechos de explotaci\u00f3n y propiedad intelectual necesarios del software.<\/span><\/p><p><span style=\"font-weight: 400;\">The user does not acquire any right or license by the contracted service, on software necessary for the provision of the service, nor on the technical information tracking service, except rights and licenses necessary for the fulfillment of contracted services and only for the duration of the same.<\/span><\/p><p><span style=\"font-weight: 400;\">For any action that exceeds the performance of the contract, el usuario necesitar\u00e1 autorizaci\u00f3n por escrito por parte de La Empresa, it is forbidden to the user to access, Modify, view the configuration, estructura y ficheros de los servidores propiedad de La Empresa, assuming civil and criminal liability arising from any incident that might occur on servers and security systems as a direct result of negligent or malicious action on their part.<\/span><\/p><h2><b>intellectual property content hosted<\/b><\/h2><p><span style=\"font-weight: 400;\">Se proh\u00edbe el uso contrario a la legislaci\u00f3n sobre propiedad intelectual de los servicios prestados por La Empresa y, particularly:<\/span><\/p><ul><li style=\"font-weight: 400;\" aria-level=\"1\"><span style=\"font-weight: 400;\">The use that is contrary to Spanish law or infringes the rights of others.<\/span><\/li><li style=\"font-weight: 400;\" aria-level=\"1\"><span style=\"font-weight: 400;\">Publication or transmission of any content that, judgment of , is violent, obscene, abusive, illegal, racial, xenophobic or defamatory.<\/span><\/li><li style=\"font-weight: 400;\" aria-level=\"1\"><span style=\"font-weight: 400;\">Los cracks, software serial numbers or any other content that violates intellectual property rights of third parties.<\/span><\/li><li style=\"font-weight: 400;\" aria-level=\"1\"><span style=\"font-weight: 400;\">Collection and \/ or use of personal data of other users without their express consent or contravening the provisions of Regulation (EU) 2016\/679 del Parlamento Europeo y del Consejo, de 27 de abril de 2016, on the protection of individuals with regard to the processing of personal data and the free movement of such.<\/span><\/li><li style=\"font-weight: 400;\" aria-level=\"1\"><span style=\"font-weight: 400;\">The use of the mail server domain and email addresses for sending unsolicited bulk.<\/span><\/li><\/ul><p><span style=\"font-weight: 400;\">The user has full responsibility for the content of your web, the information transmitted and stored, hypertext links, third-party claims and legal actions referring to intellectual property, third party rights and child protection.<\/span><\/p><p><span style=\"font-weight: 400;\">The user is responsible regarding laws and regulations and rules that have to do with running the online service, e-commerce, Copyright, maintenance of public order, and universal principles of Internet use.<\/span><\/p><p><span style=\"font-weight: 400;\">El usuario indemnizar\u00e1 a La Empresa por los gastos que generara la imputaci\u00f3n de la Empresa en alguna causa cuya responsabilidad fuera atribuible al usuario, including fees and legal expenses, even in the case of a non-final judicial decision.<\/span><\/p><h2><b>Protection of information stored<\/b><\/h2><p><span style=\"font-weight: 400;\">La Empresa realiza copias de seguridad de los contenidos alojados en sus servidores, however it is not responsible for loss or accidental deletion of data by users. Similarly, It does not guarantee full replacement data deleted by users, since such data could have been deleted and \/ or modified during the period of time since the last backup.<\/span><\/p><p><span style=\"font-weight: 400;\">The services offered, except specific backup services, They do not include the replacement of content stored in backups made by, when this loss is attributable to the user; in this case, rate will be determined commensurate to the complexity and volume of recovery, always prior acceptance of the User.<\/span><\/p><p><span style=\"font-weight: 400;\">La reposici\u00f3n de datos borrados s\u00f3lo est\u00e1 incluida en el precio del servicio cuando la p\u00e9rdida del contenido sea debida a causas atribuibles a La Empresa.<\/span><\/p><h2><b>commercial communications<\/b><\/h2><p><span style=\"font-weight: 400;\">Pursuant to LSSI. La Empresa no enviar\u00e1 comunicaciones publicitarias o promocionales por correo electr\u00f3nico u otro medio de comunicaci\u00f3n electr\u00f3nica equivalente que previamente no hubieran sido solicitadas o expresamente autorizadas por los destinatarios de las mismas.<\/span><\/p><p><span style=\"font-weight: 400;\">For users with whom there is a prior contractual relationship, La Empresa s\u00ed est\u00e1 autorizado al env\u00edo de comunicaciones comerciales referentes a productos o servicios de La Empresa que sean similares a los que inicialmente fueron objeto de contrataci\u00f3n con el cliente.<\/span><\/p><p><span style=\"font-weight: 400;\">In any case, the user, after proof of identity, You may request that you not be forwarded more commercial information through channels Customer Care.<\/span><\/p>\t\t\t\t\t\t\t\t<\/div>\n\t\t\t\t<\/div>\n\t\t\t\t\t<\/div>\n\t\t<\/div>\n\t\t\t\t\t<\/div>\n\t\t<\/section>\n\t\t\t\t<\/div>\n\t\t","protected":false},"excerpt":{"rendered":"<p>Protection of personal data according to the LOPD Tenerife Margherita Apartments (de ahora en adelante La Empresa), under current regulations regarding the protection of personal data, informs that the personal data collected through the forms of the Website: https:\/\/margheritaapartmentstenerife.com\/ (from now on Website) se incluyen en los ficheros automatizados espec\u00edficos de usuarios de los servicios [&hellip;]<\/p>\n","protected":false},"author":1,"featured_media":0,"parent":0,"menu_order":0,"comment_status":"closed","ping_status":"closed","template":"","meta":{"site-sidebar-layout":"no-sidebar","site-content-layout":"page-builder","ast-site-content-layout":"default","site-content-style":"default","site-sidebar-style":"default","ast-global-header-display":"","ast-banner-title-visibility":"","ast-main-header-display":"","ast-hfb-above-header-display":"","ast-hfb-below-header-display":"","ast-hfb-mobile-header-display":"","site-post-title":"disabled","ast-breadcrumbs-content":"","ast-featured-img":"disabled","footer-sml-layout":"","ast-disable-related-posts":"","theme-transparent-header-meta":"","adv-header-id-meta":"","stick-header-meta":"","header-above-stick-meta":"","header-main-stick-meta":"","header-below-stick-meta":"","astra-migrate-meta-layouts":"default","ast-page-background-enabled":"default","ast-page-background-meta":{"desktop":{"background-color":"","background-image":"","background-repeat":"repeat","background-position":"center center","background-size":"auto","background-attachment":"scroll","background-type":"","background-media":"","overlay-type":"","overlay-color":"","overlay-opacity":"","overlay-gradient":""},"tablet":{"background-color":"","background-image":"","background-repeat":"repeat","background-position":"center center","background-size":"auto","background-attachment":"scroll","background-type":"","background-media":"","overlay-type":"","overlay-color":"","overlay-opacity":"","overlay-gradient":""},"mobile":{"background-color":"","background-image":"","background-repeat":"repeat","background-position":"center center","background-size":"auto","background-attachment":"scroll","background-type":"","background-media":"","overlay-type":"","overlay-color":"","overlay-opacity":"","overlay-gradient":""}},"ast-content-background-meta":{"desktop":{"background-color":"var(--ast-global-color-5)","background-image":"","background-repeat":"repeat","background-position":"center center","background-size":"auto","background-attachment":"scroll","background-type":"","background-media":"","overlay-type":"","overlay-color":"","overlay-opacity":"","overlay-gradient":""},"tablet":{"background-color":"var(--ast-global-color-5)","background-image":"","background-repeat":"repeat","background-position":"center center","background-size":"auto","background-attachment":"scroll","background-type":"","background-media":"","overlay-type":"","overlay-color":"","overlay-opacity":"","overlay-gradient":""},"mobile":{"background-color":"var(--ast-global-color-5)","background-image":"","background-repeat":"repeat","background-position":"center center","background-size":"auto","background-attachment":"scroll","background-type":"","background-media":"","overlay-type":"","overlay-color":"","overlay-opacity":"","overlay-gradient":""}},"_joinchat":[],"footnotes":""},"class_list":["post-3050","page","type-page","status-publish","hentry"],"_links":{"self":[{"href":"https:\/\/margheritaapartmentstenerife.com\/en\/wp-json\/wp\/v2\/pages\/3050","targetHints":{"allow":["GET"]}}],"collection":[{"href":"https:\/\/margheritaapartmentstenerife.com\/en\/wp-json\/wp\/v2\/pages"}],"about":[{"href":"https:\/\/margheritaapartmentstenerife.com\/en\/wp-json\/wp\/v2\/types\/page"}],"author":[{"embeddable":true,"href":"https:\/\/margheritaapartmentstenerife.com\/en\/wp-json\/wp\/v2\/users\/1"}],"replies":[{"embeddable":true,"href":"https:\/\/margheritaapartmentstenerife.com\/en\/wp-json\/wp\/v2\/comments?post=3050"}],"version-history":[{"count":4,"href":"https:\/\/margheritaapartmentstenerife.com\/en\/wp-json\/wp\/v2\/pages\/3050\/revisions"}],"predecessor-version":[{"id":3054,"href":"https:\/\/margheritaapartmentstenerife.com\/en\/wp-json\/wp\/v2\/pages\/3050\/revisions\/3054"}],"wp:attachment":[{"href":"https:\/\/margheritaapartmentstenerife.com\/en\/wp-json\/wp\/v2\/media?parent=3050"}],"curies":[{"name":"wp","href":"https:\/\/api.w.org\/{rel}","templated":true}]}}